{"id":485,"date":"2024-01-27T19:57:16","date_gmt":"2024-01-28T00:57:16","guid":{"rendered":"https:\/\/mantenimientoelectromecanicofrigoprogresar.com\/?page_id=485"},"modified":"2024-04-12T13:29:41","modified_gmt":"2024-04-12T18:29:41","slug":"reportes-mantenimiento-sistema-refrigeracion","status":"publish","type":"page","link":"https:\/\/mantenimientoelectromecanicofrigoprogresar.com\/index.php\/reportes-mantenimiento-sistema-refrigeracion\/","title":{"rendered":"Reportes Mantenimiento Sistema Refrigeraci\u00f3n"},"content":{"rendered":"<p><style>\/*! elementor - v3.18.0 - 20-12-2023 *\/<br \/>\n.elementor-heading-title{padding:0;margin:0;line-height:1}.elementor-widget-heading .elementor-heading-title[class*=elementor-size-]>a{color:inherit;font-size:inherit;line-height:inherit}.elementor-widget-heading .elementor-heading-title.elementor-size-small{font-size:15px}.elementor-widget-heading .elementor-heading-title.elementor-size-medium{font-size:19px}.elementor-widget-heading .elementor-heading-title.elementor-size-large{font-size:29px}.elementor-widget-heading .elementor-heading-title.elementor-size-xl{font-size:39px}.elementor-widget-heading .elementor-heading-title.elementor-size-xxl{font-size:59px}<\/style>\n<\/p>\n<h6 style=\"text-align: center;\">REPORTE MANTENIMIENTO MES 10-2023<\/h6>\n\n<a href=\"https:\/\/mantenimientoelectromecanicofrigoprogresar.com\/wp-content\/uploads\/2024\/01\/Cuarto-frio-4-visceras-oct.pdf\" class=\"pdfemb-viewer\" style=\"\" data-width=\"max\" data-height=\"max\" data-toolbar=\"top\" data-toolbar-fixed=\"on\">Cuarto-frio-4-visceras-oct<\/a>\n<p><\/p>\n\n\n<a href=\"https:\/\/mantenimientoelectromecanicofrigoprogresar.com\/wp-content\/uploads\/2024\/01\/Cuarto-frio-6-progresar-Oct.pdf\" class=\"pdfemb-viewer\" style=\"\" data-width=\"max\" data-height=\"max\" data-toolbar=\"top\" data-toolbar-fixed=\"on\">Cuarto-frio-6-progresar-Oct<\/a>\n<p><\/p>\n\n\n<a href=\"https:\/\/mantenimientoelectromecanicofrigoprogresar.com\/wp-content\/uploads\/2024\/01\/Cuarto-frio-7-progresar-Oct.pdf\" class=\"pdfemb-viewer\" style=\"\" data-width=\"max\" data-height=\"max\" data-toolbar=\"top\" data-toolbar-fixed=\"on\">Cuarto-frio-7-progresar-Oct<\/a>\n<p><\/p>\n\n\n<a href=\"https:\/\/mantenimientoelectromecanicofrigoprogresar.com\/wp-content\/uploads\/2024\/01\/Cuarto-frio-8-progresar.pdf\" class=\"pdfemb-viewer\" style=\"\" data-width=\"max\" data-height=\"max\" data-toolbar=\"top\" data-toolbar-fixed=\"on\">Cuarto-frio-8-progresar<\/a>\n<p><\/p>\n\n\n<a href=\"https:\/\/mantenimientoelectromecanicofrigoprogresar.com\/wp-content\/uploads\/2024\/01\/Cuarto-frio-9-progresar-Oct.pdf\" class=\"pdfemb-viewer\" style=\"\" data-width=\"max\" data-height=\"max\" data-toolbar=\"top\" data-toolbar-fixed=\"on\">Cuarto-frio-9-progresar-Oct<\/a>\n<p><\/p>\n\n\n<a href=\"https:\/\/mantenimientoelectromecanicofrigoprogresar.com\/wp-content\/uploads\/2024\/01\/INFORME-REGISTRO-FOTOGRAFICO-MTTO-PREVENTIVO-MES-DE-OCT-PROGRESAR.pdf\" class=\"pdfemb-viewer\" style=\"\" data-width=\"max\" data-height=\"max\" data-toolbar=\"top\" data-toolbar-fixed=\"on\">INFORME-REGISTRO-FOTOGRAFICO-MTTO-PREVENTIVO-MES-DE-OCT-PROGRESAR<\/a>\n<p><\/p>\n\n\n<a href=\"https:\/\/mantenimientoelectromecanicofrigoprogresar.com\/wp-content\/uploads\/2024\/01\/Material-consumible-mtto-Progresar-oct.pdf\" class=\"pdfemb-viewer\" style=\"\" data-width=\"max\" data-height=\"max\" data-toolbar=\"top\" data-toolbar-fixed=\"on\">Material-consumible-mtto-Progresar-oct<\/a>\n<p><\/p>\n\n\n\n<hr class=\"wp-block-separator alignwide has-alpha-channel-opacity\"\/>\n\n\n\n<h6 class=\"wp-block-heading has-text-align-center\">REPORTE MANTENIMIENTO MES 11-2023<\/h6>\n\n\n<a href=\"https:\/\/mantenimientoelectromecanicofrigoprogresar.com\/wp-content\/uploads\/2024\/01\/Cuarto-frio-1-Progresar.pdf\" class=\"pdfemb-viewer\" style=\"\" data-width=\"max\" data-height=\"max\" data-toolbar=\"top\" data-toolbar-fixed=\"on\">Cuarto-frio-1-Progresar<\/a>\n<p class=\"wp-block-pdfemb-pdf-embedder-viewer\"><\/p>\n\n\n<a href=\"https:\/\/mantenimientoelectromecanicofrigoprogresar.com\/wp-content\/uploads\/2024\/01\/Cuarto-frio-2-Progresar.pdf\" class=\"pdfemb-viewer\" style=\"\" data-width=\"max\" data-height=\"max\" data-toolbar=\"top\" data-toolbar-fixed=\"on\">Cuarto-frio-2-Progresar<\/a>\n<p class=\"wp-block-pdfemb-pdf-embedder-viewer\"><\/p>\n\n\n<a href=\"https:\/\/mantenimientoelectromecanicofrigoprogresar.com\/wp-content\/uploads\/2024\/01\/Cuarto-frio-5-Progresar.pdf\" class=\"pdfemb-viewer\" style=\"\" data-width=\"max\" data-height=\"max\" data-toolbar=\"top\" data-toolbar-fixed=\"on\">Cuarto-frio-5-Progresar<\/a>\n<p class=\"wp-block-pdfemb-pdf-embedder-viewer\"><\/p>\n\n\n<a href=\"https:\/\/mantenimientoelectromecanicofrigoprogresar.com\/wp-content\/uploads\/2024\/01\/Cuarto-frio-10-progresar.pdf\" class=\"pdfemb-viewer\" style=\"\" data-width=\"max\" data-height=\"max\" data-toolbar=\"top\" data-toolbar-fixed=\"on\">Cuarto-frio-10-progresar<\/a>\n<p class=\"wp-block-pdfemb-pdf-embedder-viewer\"><\/p>\n\n\n<a href=\"https:\/\/mantenimientoelectromecanicofrigoprogresar.com\/wp-content\/uploads\/2024\/01\/INFORME-REGISTRO-FOTOGRAFICO-MTTO-PREVENTIVO-MES-DE-NOV-PROGRESAR.pdf\" class=\"pdfemb-viewer\" style=\"\" data-width=\"max\" data-height=\"max\" data-toolbar=\"top\" data-toolbar-fixed=\"on\">INFORME-REGISTRO-FOTOGRAFICO-MTTO-PREVENTIVO-MES-DE-NOV-PROGRESAR<\/a>\n<p class=\"wp-block-pdfemb-pdf-embedder-viewer\"><\/p>\n\n\n\n<h2 class=\"wp-block-heading has-text-align-center\">Reporte Mes De Diciembre 2024<\/h2>\n\n\n<a href=\"https:\/\/mantenimientoelectromecanicofrigoprogresar.com\/wp-content\/uploads\/2024\/02\/Cuarto-frio-4-visceras-Dic.pdf\" class=\"pdfemb-viewer\" style=\"\" data-width=\"max\" data-height=\"max\" data-toolbar=\"top\" data-toolbar-fixed=\"on\">Cuarto-frio-4-visceras-Dic<\/a>\n<p class=\"wp-block-pdfemb-pdf-embedder-viewer\"><\/p>\n\n\n<a href=\"https:\/\/mantenimientoelectromecanicofrigoprogresar.com\/wp-content\/uploads\/2024\/02\/Cuarto-frio-8-progresar-dic.pdf\" class=\"pdfemb-viewer\" style=\"\" data-width=\"max\" data-height=\"max\" data-toolbar=\"top\" data-toolbar-fixed=\"on\">Cuarto-frio-8-progresar-dic<\/a>\n<p class=\"wp-block-pdfemb-pdf-embedder-viewer\"><\/p>\n\n\n<a href=\"https:\/\/mantenimientoelectromecanicofrigoprogresar.com\/wp-content\/uploads\/2024\/02\/Cuarto-frio-9-progresar-Dic.pdf\" class=\"pdfemb-viewer\" style=\"\" data-width=\"max\" data-height=\"max\" data-toolbar=\"top\" data-toolbar-fixed=\"on\">Cuarto-frio-9-progresar-Dic<\/a>\n<p class=\"wp-block-pdfemb-pdf-embedder-viewer\"><\/p>\n\n\n\n<h3 class=\"wp-block-heading has-text-align-center\">Registro Fotogr\u00e1fico<\/h3>\n\n\n<a href=\"https:\/\/mantenimientoelectromecanicofrigoprogresar.com\/wp-content\/uploads\/2024\/02\/RG-FT-MES-DE-NOV-2023.pdf\" class=\"pdfemb-viewer\" style=\"\" data-width=\"max\" data-height=\"max\" data-toolbar=\"top\" data-toolbar-fixed=\"on\">RG-FT-MES-DE-NOV-2023<\/a>\n<p class=\"wp-block-pdfemb-pdf-embedder-viewer\"><\/p>\n\n\n<a href=\"https:\/\/mantenimientoelectromecanicofrigoprogresar.com\/wp-content\/uploads\/2024\/02\/RGS-FT-MES-DE-DIC-2023.pdf\" class=\"pdfemb-viewer\" style=\"\" data-width=\"max\" data-height=\"max\" data-toolbar=\"top\" data-toolbar-fixed=\"on\">RGS-FT-MES-DE-DIC-2023<\/a>\n<p class=\"wp-block-pdfemb-pdf-embedder-viewer\"><\/p>\n\n\n\n<h3 class=\"wp-block-heading has-text-align-center\">Registros Mes De Enero 2024<\/h3>\n\n\n<a href=\"https:\/\/mantenimientoelectromecanicofrigoprogresar.com\/wp-content\/uploads\/2024\/02\/Cuarto-frio-2-Progresar-Ene.pdf\" class=\"pdfemb-viewer\" style=\"\" data-width=\"max\" data-height=\"max\" data-toolbar=\"top\" data-toolbar-fixed=\"on\">Cuarto-frio-2-Progresar-Ene<\/a>\n<p class=\"wp-block-pdfemb-pdf-embedder-viewer\"><\/p>\n\n\n<a href=\"https:\/\/mantenimientoelectromecanicofrigoprogresar.com\/wp-content\/uploads\/2024\/02\/Cuarto-frio-3-Progresar-Ene.pdf\" class=\"pdfemb-viewer\" style=\"\" data-width=\"max\" data-height=\"max\" data-toolbar=\"top\" data-toolbar-fixed=\"on\">Cuarto-frio-3-Progresar-Ene<\/a>\n<p class=\"wp-block-pdfemb-pdf-embedder-viewer\"><\/p>\n\n\n<a href=\"https:\/\/mantenimientoelectromecanicofrigoprogresar.com\/wp-content\/uploads\/2024\/02\/Cuarto-frio-5-Progresar-Ene.pdf\" class=\"pdfemb-viewer\" style=\"\" data-width=\"max\" data-height=\"max\" data-toolbar=\"top\" data-toolbar-fixed=\"on\">Cuarto-frio-5-Progresar-Ene<\/a>\n<p class=\"wp-block-pdfemb-pdf-embedder-viewer\"><\/p>\n\n\n<a href=\"https:\/\/mantenimientoelectromecanicofrigoprogresar.com\/wp-content\/uploads\/2024\/02\/Cuarto-frio-10-progresar-Ene.pdf\" class=\"pdfemb-viewer\" style=\"\" data-width=\"max\" data-height=\"max\" data-toolbar=\"top\" data-toolbar-fixed=\"on\">Cuarto-frio-10-progresar-Ene<\/a>\n<p class=\"wp-block-pdfemb-pdf-embedder-viewer\"><\/p>\n\n\n\n<h4 class=\"wp-block-heading has-text-align-center\">Registro Fotogr\u00e1fico<\/h4>\n\n\n<a href=\"https:\/\/mantenimientoelectromecanicofrigoprogresar.com\/wp-content\/uploads\/2024\/02\/RGS-FT-MES-DE-ENERO-2024.pdf\" class=\"pdfemb-viewer\" style=\"\" data-width=\"max\" data-height=\"max\" data-toolbar=\"top\" data-toolbar-fixed=\"on\">RGS-FT-MES-DE-ENERO-2024<\/a>\n<p class=\"wp-block-pdfemb-pdf-embedder-viewer\"><\/p>\n\n\n\n<hr class=\"wp-block-separator alignfull has-alpha-channel-opacity is-style-wide\"\/>\n\n\n\n<hr class=\"wp-block-separator alignfull has-alpha-channel-opacity is-style-wide\"\/>\n\n\n\n<h3 class=\"wp-block-heading has-text-align-center\">REPORTE MANTENIMIENTO PRIMER TRIMESTRE A\u00d1O 2024<\/h3>\n\n\n\n<hr class=\"wp-block-separator alignfull has-alpha-channel-opacity is-style-wide\"\/>\n\n\n<a href=\"https:\/\/mantenimientoelectromecanicofrigoprogresar.com\/wp-content\/uploads\/2024\/04\/Cuarto-frio-1-Progresar-Mar.pdf\" class=\"pdfemb-viewer\" style=\"\" data-width=\"max\" data-height=\"max\" data-toolbar=\"top\" data-toolbar-fixed=\"on\">Cuarto-frio-1-Progresar-Mar<\/a>\n\n<a href=\"https:\/\/mantenimientoelectromecanicofrigoprogresar.com\/wp-content\/uploads\/2024\/04\/Cuarto-frio-2-Progresar-Mar.pdf\" class=\"pdfemb-viewer\" style=\"\" data-width=\"max\" data-height=\"max\" data-toolbar=\"top\" data-toolbar-fixed=\"on\">Cuarto-frio-2-Progresar-Mar<\/a>\n\n\n<hr class=\"wp-block-separator has-alpha-channel-opacity\"\/>\n\n\n<a href=\"https:\/\/mantenimientoelectromecanicofrigoprogresar.com\/wp-content\/uploads\/2024\/04\/Cuarto-frio-3-Progresar-Mar.pdf\" class=\"pdfemb-viewer\" style=\"\" data-width=\"max\" data-height=\"max\" data-toolbar=\"top\" data-toolbar-fixed=\"on\">Cuarto-frio-3-Progresar-Mar<\/a>\n\n\n<hr class=\"wp-block-separator has-alpha-channel-opacity\"\/>\n\n\n<a href=\"https:\/\/mantenimientoelectromecanicofrigoprogresar.com\/wp-content\/uploads\/2024\/04\/Cuarto-frio-5-Progresar-Mar.pdf\" class=\"pdfemb-viewer\" style=\"\" data-width=\"max\" data-height=\"max\" data-toolbar=\"top\" data-toolbar-fixed=\"on\">Cuarto-frio-5-Progresar-Mar<\/a>\n\n\n<hr class=\"wp-block-separator has-alpha-channel-opacity\"\/>\n\n\n<a href=\"https:\/\/mantenimientoelectromecanicofrigoprogresar.com\/wp-content\/uploads\/2024\/04\/Cuarto-frio-10-progresar-Mar.pdf\" class=\"pdfemb-viewer\" style=\"\" data-width=\"max\" data-height=\"max\" data-toolbar=\"top\" data-toolbar-fixed=\"on\">Cuarto-frio-10-progresar-Mar<\/a>","protected":false},"excerpt":{"rendered":"<p>REPORTE MANTENIMIENTO MES 10-2023 REPORTE MANTENIMIENTO MES 11-2023 Reporte Mes De Diciembre 2024 Registro Fotogr\u00e1fico Registros Mes De Enero 2024 Registro Fotogr\u00e1fico REPORTE MANTENIMIENTO PRIMER TRIMESTRE A\u00d1O 2024<\/p>\n","protected":false},"author":1,"featured_media":0,"parent":0,"menu_order":0,"comment_status":"closed","ping_status":"closed","template":"","meta":{"_kad_post_transparent":"","_kad_post_title":"","_kad_post_layout":"","_kad_post_sidebar_id":"","_kad_post_content_style":"","_kad_post_vertical_padding":"","_kad_post_feature":"","_kad_post_feature_position":"","_kad_post_header":false,"_kad_post_footer":false,"footnotes":""},"_links":{"self":[{"href":"https:\/\/mantenimientoelectromecanicofrigoprogresar.com\/index.php\/wp-json\/wp\/v2\/pages\/485"}],"collection":[{"href":"https:\/\/mantenimientoelectromecanicofrigoprogresar.com\/index.php\/wp-json\/wp\/v2\/pages"}],"about":[{"href":"https:\/\/mantenimientoelectromecanicofrigoprogresar.com\/index.php\/wp-json\/wp\/v2\/types\/page"}],"author":[{"embeddable":true,"href":"https:\/\/mantenimientoelectromecanicofrigoprogresar.com\/index.php\/wp-json\/wp\/v2\/users\/1"}],"replies":[{"embeddable":true,"href":"https:\/\/mantenimientoelectromecanicofrigoprogresar.com\/index.php\/wp-json\/wp\/v2\/comments?post=485"}],"version-history":[{"count":38,"href":"https:\/\/mantenimientoelectromecanicofrigoprogresar.com\/index.php\/wp-json\/wp\/v2\/pages\/485\/revisions"}],"predecessor-version":[{"id":693,"href":"https:\/\/mantenimientoelectromecanicofrigoprogresar.com\/index.php\/wp-json\/wp\/v2\/pages\/485\/revisions\/693"}],"wp:attachment":[{"href":"https:\/\/mantenimientoelectromecanicofrigoprogresar.com\/index.php\/wp-json\/wp\/v2\/media?parent=485"}],"curies":[{"name":"wp","href":"https:\/\/api.w.org\/{rel}","templated":true}]}}